{"id":25639,"date":"2020-03-25T10:06:19","date_gmt":"2020-03-25T09:06:19","guid":{"rendered":"http:\/\/fansafe.at\/?page_id=25639"},"modified":"2021-05-06T13:58:28","modified_gmt":"2021-05-06T11:58:28","slug":"disclaimer","status":"publish","type":"page","link":"https:\/\/fansafe.at\/de\/disclaimer\/","title":{"rendered":"Fansafe Disclaimer"},"content":{"rendered":"<div data-elementor-type=\"wp-page\" data-elementor-id=\"25639\" class=\"elementor elementor-25639\">\n\t\t\t\t\t\t<div class=\"elementor-inner\">\n\t\t\t\t<div class=\"elementor-section-wrap\">\n\t\t\t\t\t\t\t\t\t<section data-particle_enable=\"false\" data-particle-mobile-disabled=\"false\" class=\"elementor-section elementor-top-section elementor-element elementor-element-cc3ba46 elementor-section-boxed elementor-section-height-default elementor-section-height-default\" data-id=\"cc3ba46\" data-element_type=\"section\" data-settings=\"{&quot;_ha_eqh_enable&quot;:false}\">\n\t\t\t\t\t\t<div class=\"elementor-container elementor-column-gap-default\">\n\t\t\t\t\t\t\t<div class=\"elementor-row\">\n\t\t\t\t\t<div class=\"elementor-column elementor-col-100 elementor-top-column elementor-element elementor-element-74ae1c3\" data-id=\"74ae1c3\" data-element_type=\"column\">\n\t\t\t<div class=\"elementor-column-wrap elementor-element-populated\">\n\t\t\t\t\t\t\t<div class=\"elementor-widget-wrap\">\n\t\t\t\t\t\t<div class=\"elementor-element elementor-element-eda526a elementor-widget elementor-widget-heading\" data-id=\"eda526a\" data-element_type=\"widget\" data-widget_type=\"heading.default\">\n\t\t\t\t<div class=\"elementor-widget-container\">\n\t\t\t<h1 class=\"elementor-heading-title elementor-size-large\">Haftungsauschluss<\/h1>\t\t<\/div>\n\t\t\t\t<\/div>\n\t\t\t\t\t\t<\/div>\n\t\t\t\t\t<\/div>\n\t\t<\/div>\n\t\t\t\t\t\t\t\t<\/div>\n\t\t\t\t\t<\/div>\n\t\t<\/section>\n\t\t\t\t<section data-particle_enable=\"false\" data-particle-mobile-disabled=\"false\" class=\"elementor-section elementor-top-section elementor-element elementor-element-5f4e4d7 elementor-section-boxed elementor-section-height-default elementor-section-height-default\" data-id=\"5f4e4d7\" data-element_type=\"section\" data-settings=\"{&quot;_ha_eqh_enable&quot;:false}\">\n\t\t\t\t\t\t<div class=\"elementor-container elementor-column-gap-default\">\n\t\t\t\t\t\t\t<div class=\"elementor-row\">\n\t\t\t\t\t<div class=\"elementor-column elementor-col-100 elementor-top-column elementor-element elementor-element-59db75b\" data-id=\"59db75b\" data-element_type=\"column\">\n\t\t\t<div class=\"elementor-column-wrap elementor-element-populated\">\n\t\t\t\t\t\t\t<div class=\"elementor-widget-wrap\">\n\t\t\t\t\t\t<div class=\"elementor-element elementor-element-8962771 elementor-widget elementor-widget-text-editor\" data-id=\"8962771\" data-element_type=\"widget\" data-widget_type=\"text-editor.default\">\n\t\t\t\t<div class=\"elementor-widget-container\">\n\t\t\t\t\t\t\t\t<div class=\"elementor-text-editor elementor-clearfix\">\n\t\t\t\t<p class=\" translation-block\"><span style=\"color: #2c2e3d\"><b>EU-Streitschlichtung<br><\/b><\/span><span>Gem\u00e4\u00df Verordnung \u00fcber Online-Streitbeilegung in Verbraucherangelegenheiten (ODR-Verordnung) m\u00f6chten wir Sie \u00fcber die Online-Streitbeilegungssplattform (OS-Plattform) informieren. Verbraucher haben die M\u00f6glichkeit, Beschwerden an die <\/span><a href=\"http:\/\/ec.europa.eu\/odr?tid=121606955\" target=\"_self\"><span>Online Streitbeilegungssplattform der Europ\u00e4ischen Kommission<\/span><\/a><span> zu richten. Die daf\u00fcr notwendigen Kontaktdaten finden Sie in unserem Impressum. Wir m\u00f6chten Sie jedoch darauf hinweisen, dass wir nicht bereit oder verpflichtet sind, an Streitbeilegungsverfahren vor einer Verbraucherschlichtungsstelle teilzunehmen.<\/span><\/p><p><span style=\"color: #2c2e3d;\"><b>Haftung f\u00fcr Inhalte dieser Webseite<br \/><\/b><\/span>Wir entwickeln die Inhalte dieser Webseite st\u00e4ndig weiter und bem\u00fchen uns korrekte und aktuelle Informationen bereitzustellen. Leider k\u00f6nnen wir keine Haftung f\u00fcr die Korrektheit aller Inhalte auf dieser Webseite \u00fcbernehmen, speziell f\u00fcr jene die seitens Dritter bereitgestellt wurden.\nSollten Ihnen problematische oder rechtswidrige Inhalte auffallen, bitten wir Sie uns umgehend zu kontaktieren, Sie finden die Kontaktdaten im Impressum.<\/p><p><span style=\"color: #2c2e3d;\"><b>Haftung f\u00fcr Links auf dieser Webseite<br \/><\/b><\/span><span>Unsere Webseite enth\u00e4lt Links zu anderen Webseiten f\u00fcr deren Inhalt wir nicht verantwortlich sind. Haftung f\u00fcr verlinkte Websites besteht laut <\/span><a href=\"https:\/\/www.ris.bka.gv.at\/Dokument.wxe?Abfrage=Bundesnormen&amp;Dokumentnummer=NOR40025813&amp;tid=121606955\"><span>\u00a7 17 ECG<\/span><\/a><span> f\u00fcr uns nicht, da wir keine Kenntnis rechtswidriger T\u00e4tigkeiten hatten und haben, uns solche Rechtswidrigkeiten auch bisher nicht aufgefallen sind und wir Links sofort entfernen w\u00fcrden, wenn uns Rechtswidrigkeiten bekannt werden. <\/span>Wenn Ihnen rechtswidrige Links auf unserer Website auffallen, bitten wir Sie uns zu kontaktieren, Sie finden die Kontaktdaten im Impressum.<\/p><p><span style=\"color: #2c2e3d;\"><b>Urheberrechtshinweis <br \/><\/b><\/span><span style=\"font-weight: 400;\">Alle Inhalte dieser Webseite (Bilder, Fotos, Texte, Videos) unterliegen dem Urheberrecht. Falls notwendig, werden wir die unerlaubte Nutzung von Teilen der Inhalte unserer Seite rechtlich verfolgen. <\/span><span style=\"font-weight: 400;\">Sollten Sie auf dieser Webseite Inhalte finden, die das Urheberrecht verletzen, bitten wir Sie uns zu kontaktieren.<\/span><\/p><p><span style=\"color: #2c2e3d;\"><b>Bildnachweis<br \/><\/b><\/span>Die Bilder, Fotos und Grafiken auf dieser Webseite sind urheberrechtlich gesch\u00fctzt.<br \/>Die Bildrechte liegen bei den folgenden Fotografen und Unternehmen:<\/p><ul><li style=\"font-weight: 400;\" aria-level=\"1\"><span style=\"font-weight: 400;\">FanSafe produktbezogene Bilder<\/span><ul><li style=\"font-weight: 400;\" aria-level=\"2\"><span style=\"font-weight: 400;\">Copyright @Fansafe GmbH<\/span><\/li><\/ul><\/li><li style=\"font-weight: 400;\" aria-level=\"1\"><span style=\"font-weight: 400;\">Party atmosphere, Stock Photography ID: 480739698<\/span><ul><li style=\"font-weight: 400;\" aria-level=\"2\"><span style=\"font-weight: 400;\">Copyright @Ivosevicv |<\/span><a href=\"https:\/\/www.istockphoto.com\/\"><span style=\"font-weight: 400;\"> https:\/\/www.istockphoto.com\/<\/span><\/a><\/li><\/ul><\/li><li style=\"font-weight: 400;\" aria-level=\"1\"><span style=\"font-weight: 400;\">Soccer fan in the stadium, Stock-Fotografie-ID: 469569152<\/span><ul><li style=\"font-weight: 400;\" aria-level=\"2\"><span style=\"font-weight: 400;\">Copyright @<\/span><a href=\"https:\/\/www.istockphoto.com\/de\/portfolio\/Aksonov?mediatype=photography\"><span style=\"font-weight: 400;\">Dmytro Aksonov<\/span><\/a><span style=\"font-weight: 400;\"> |<\/span><a href=\"https:\/\/www.istockphoto.com\/\"><span style=\"font-weight: 400;\"> https:\/\/www.istockphoto.com\/<\/span><\/a><\/li><\/ul><\/li><li style=\"font-weight: 400;\" aria-level=\"1\"><span style=\"font-weight: 400;\">COVID-19 Banner<\/span><ul><li style=\"font-weight: 400;\" aria-level=\"2\"><a href=\"https:\/\/www.freepik.com\/vectors\/background\"><span style=\"font-weight: 400;\">Background vector &#8211; Designed by starline -image <\/span><\/a><a href=\"http:\/\/www.freepik.com\"><span style=\"font-weight: 400;\">www.freepik.com<\/span><\/a><\/li><\/ul><\/li><li style=\"font-weight: 400;\" aria-level=\"1\"><span style=\"font-weight: 400;\">\u201cNeed a preview Banner\u201d &#8211; background<\/span><ul><li style=\"font-weight: 400;\" aria-level=\"2\"><span style=\"font-weight: 400;\">Copyright @Salzburg Ducks<\/span><\/li><\/ul><\/li><\/ul>\t\t\t\t\t<\/div>\n\t\t\t\t\t\t<\/div>\n\t\t\t\t<\/div>\n\t\t\t\t\t\t<\/div>\n\t\t\t\t\t<\/div>\n\t\t<\/div>\n\t\t\t\t\t\t\t\t<\/div>\n\t\t\t\t\t<\/div>\n\t\t<\/section>\n\t\t\t\t\t\t\t\t\t<\/div>\n\t\t\t<\/div>\n\t\t\t\t\t<\/div>","protected":false},"excerpt":{"rendered":"<p>Disclaimer EU dispute resolutionIn accordance with the regulation on online dispute resolution in consumer matters (ODR regulation), we would like&#8230;<\/p>","protected":false},"author":3,"featured_media":0,"parent":0,"menu_order":0,"comment_status":"closed","ping_status":"closed","template":"","meta":{"_mi_skip_tracking":false},"yoast_head":"<!-- This site is optimized with the Yoast SEO Premium plugin v17.7 (Yoast SEO v20.1) - https:\/\/yoast.com\/wordpress\/plugins\/seo\/ -->\n<title>FanSafe - Digitale Ticket Personalisierung - Ticketshops<\/title>\n<meta name=\"description\" content=\"FAIR - SICHER - LEGAL | 100% echte Ticket Personalisierung und individuelle Ticketshop System f\u00fcr Vereine und Veranstalter. | NEIN ZUM TICKETSCHWARZMARKT\" \/>\n<meta name=\"robots\" content=\"index, follow, max-snippet:-1, max-image-preview:large, max-video-preview:-1\" \/>\n<link rel=\"canonical\" href=\"https:\/\/fansafe.at\/de\/disclaimer\/\" \/>\n<meta property=\"og:locale\" content=\"de_DE\" \/>\n<meta property=\"og:type\" content=\"article\" \/>\n<meta property=\"og:title\" content=\"Fansafe Disclaimer\" \/>\n<meta property=\"og:description\" content=\"Disclaimer EU dispute resolutionIn accordance with the regulation on online dispute resolution in consumer matters (ODR regulation), we would like to\" \/>\n<meta property=\"og:url\" content=\"https:\/\/fansafe.at\/de\/disclaimer\/\" \/>\n<meta property=\"og:site_name\" content=\"FanSafe\" \/>\n<meta property=\"article:modified_time\" content=\"2021-05-06T11:58:28+00:00\" \/>\n<meta name=\"twitter:card\" content=\"summary_large_image\" \/>\n<meta name=\"twitter:label1\" content=\"Gesch\u00e4tzte Lesezeit\" \/>\n\t<meta name=\"twitter:data1\" content=\"2\u00a0Minuten\" \/>\n<script type=\"application\/ld+json\" class=\"yoast-schema-graph\">{\"@context\":\"https:\/\/schema.org\",\"@graph\":[{\"@type\":\"WebPage\",\"@id\":\"https:\/\/fansafe.at\/disclaimer\/\",\"url\":\"https:\/\/fansafe.at\/disclaimer\/\",\"name\":\"FanSafe - Digitale Ticket Personalisierung - Ticketshops\",\"isPartOf\":{\"@id\":\"https:\/\/fansafe.at\/de\/#website\"},\"datePublished\":\"2020-03-25T09:06:19+00:00\",\"dateModified\":\"2021-05-06T11:58:28+00:00\",\"description\":\"FAIR - SICHER - LEGAL | 100% echte Ticket Personalisierung und individuelle Ticketshop System f\u00fcr Vereine und Veranstalter. | NEIN ZUM TICKETSCHWARZMARKT\",\"breadcrumb\":{\"@id\":\"https:\/\/fansafe.at\/disclaimer\/#breadcrumb\"},\"inLanguage\":\"de\",\"potentialAction\":[{\"@type\":\"ReadAction\",\"target\":[\"https:\/\/fansafe.at\/disclaimer\/\"]}]},{\"@type\":\"BreadcrumbList\",\"@id\":\"https:\/\/fansafe.at\/disclaimer\/#breadcrumb\",\"itemListElement\":[{\"@type\":\"ListItem\",\"position\":1,\"name\":\"Home\",\"item\":\"https:\/\/fansafe.at\/\"},{\"@type\":\"ListItem\",\"position\":2,\"name\":\"Fansafe Disclaimer\"}]},{\"@type\":\"WebSite\",\"@id\":\"https:\/\/fansafe.at\/de\/#website\",\"url\":\"https:\/\/fansafe.at\/de\/\",\"name\":\"FanSafe\",\"description\":\"Digital Ticket Personalization and Fan Protection\",\"publisher\":{\"@id\":\"https:\/\/fansafe.at\/de\/#organization\"},\"potentialAction\":[{\"@type\":\"SearchAction\",\"target\":{\"@type\":\"EntryPoint\",\"urlTemplate\":\"https:\/\/fansafe.at\/de\/?s={search_term_string}\"},\"query-input\":\"required name=search_term_string\"}],\"inLanguage\":\"de\"},{\"@type\":\"Organization\",\"@id\":\"https:\/\/fansafe.at\/de\/#organization\",\"name\":\"FanSafe GmbH\",\"url\":\"https:\/\/fansafe.at\/de\/\",\"logo\":{\"@type\":\"ImageObject\",\"inLanguage\":\"de\",\"@id\":\"https:\/\/fansafe.at\/de\/#\/schema\/logo\/image\/\",\"url\":\"https:\/\/fansafe.at\/wp-content\/uploads\/2020\/03\/FanSafe-Logo-01_01.png\",\"contentUrl\":\"https:\/\/fansafe.at\/wp-content\/uploads\/2020\/03\/FanSafe-Logo-01_01.png\",\"width\":2740,\"height\":601,\"caption\":\"FanSafe GmbH\"},\"image\":{\"@id\":\"https:\/\/fansafe.at\/de\/#\/schema\/logo\/image\/\"}}]}<\/script>\n<!-- \/ Yoast SEO Premium plugin. -->","yoast_head_json":{"title":"FanSafe - Digitale Ticket Personalisierung - Ticketshops","description":"FAIR - SICHER - LEGAL | 100% echte Ticket Personalisierung und individuelle Ticketshop System f\u00fcr Vereine und Veranstalter. | NEIN ZUM TICKETSCHWARZMARKT","robots":{"index":"index","follow":"follow","max-snippet":"max-snippet:-1","max-image-preview":"max-image-preview:large","max-video-preview":"max-video-preview:-1"},"canonical":"https:\/\/fansafe.at\/de\/disclaimer\/","og_locale":"de_DE","og_type":"article","og_title":"Fansafe Disclaimer","og_description":"Disclaimer EU dispute resolutionIn accordance with the regulation on online dispute resolution in consumer matters (ODR regulation), we would like to","og_url":"https:\/\/fansafe.at\/de\/disclaimer\/","og_site_name":"FanSafe","article_modified_time":"2021-05-06T11:58:28+00:00","twitter_card":"summary_large_image","twitter_misc":{"Gesch\u00e4tzte Lesezeit":"2\u00a0Minuten"},"schema":{"@context":"https:\/\/schema.org","@graph":[{"@type":"WebPage","@id":"https:\/\/fansafe.at\/disclaimer\/","url":"https:\/\/fansafe.at\/disclaimer\/","name":"FanSafe - Digitale Ticket Personalisierung - Ticketshops","isPartOf":{"@id":"https:\/\/fansafe.at\/de\/#website"},"datePublished":"2020-03-25T09:06:19+00:00","dateModified":"2021-05-06T11:58:28+00:00","description":"FAIR - SICHER - LEGAL | 100% echte Ticket Personalisierung und individuelle Ticketshop System f\u00fcr Vereine und Veranstalter. | NEIN ZUM TICKETSCHWARZMARKT","breadcrumb":{"@id":"https:\/\/fansafe.at\/disclaimer\/#breadcrumb"},"inLanguage":"de","potentialAction":[{"@type":"ReadAction","target":["https:\/\/fansafe.at\/disclaimer\/"]}]},{"@type":"BreadcrumbList","@id":"https:\/\/fansafe.at\/disclaimer\/#breadcrumb","itemListElement":[{"@type":"ListItem","position":1,"name":"Home","item":"https:\/\/fansafe.at\/"},{"@type":"ListItem","position":2,"name":"Fansafe Disclaimer"}]},{"@type":"WebSite","@id":"https:\/\/fansafe.at\/de\/#website","url":"https:\/\/fansafe.at\/de\/","name":"FanSafe","description":"Digital Ticket Personalization and Fan Protection","publisher":{"@id":"https:\/\/fansafe.at\/de\/#organization"},"potentialAction":[{"@type":"SearchAction","target":{"@type":"EntryPoint","urlTemplate":"https:\/\/fansafe.at\/de\/?s={search_term_string}"},"query-input":"required name=search_term_string"}],"inLanguage":"de"},{"@type":"Organization","@id":"https:\/\/fansafe.at\/de\/#organization","name":"FanSafe GmbH","url":"https:\/\/fansafe.at\/de\/","logo":{"@type":"ImageObject","inLanguage":"de","@id":"https:\/\/fansafe.at\/de\/#\/schema\/logo\/image\/","url":"https:\/\/fansafe.at\/wp-content\/uploads\/2020\/03\/FanSafe-Logo-01_01.png","contentUrl":"https:\/\/fansafe.at\/wp-content\/uploads\/2020\/03\/FanSafe-Logo-01_01.png","width":2740,"height":601,"caption":"FanSafe GmbH"},"image":{"@id":"https:\/\/fansafe.at\/de\/#\/schema\/logo\/image\/"}}]}},"_links":{"self":[{"href":"https:\/\/fansafe.at\/de\/wp-json\/wp\/v2\/pages\/25639"}],"collection":[{"href":"https:\/\/fansafe.at\/de\/wp-json\/wp\/v2\/pages"}],"about":[{"href":"https:\/\/fansafe.at\/de\/wp-json\/wp\/v2\/types\/page"}],"author":[{"embeddable":true,"href":"https:\/\/fansafe.at\/de\/wp-json\/wp\/v2\/users\/3"}],"replies":[{"embeddable":true,"href":"https:\/\/fansafe.at\/de\/wp-json\/wp\/v2\/comments?post=25639"}],"version-history":[{"count":23,"href":"https:\/\/fansafe.at\/de\/wp-json\/wp\/v2\/pages\/25639\/revisions"}],"predecessor-version":[{"id":28294,"href":"https:\/\/fansafe.at\/de\/wp-json\/wp\/v2\/pages\/25639\/revisions\/28294"}],"wp:attachment":[{"href":"https:\/\/fansafe.at\/de\/wp-json\/wp\/v2\/media?parent=25639"}],"curies":[{"name":"wp","href":"https:\/\/api.w.org\/{rel}","templated":true}]}}